{"id":4635,"date":"2025-01-08T23:44:15","date_gmt":"2025-01-08T22:44:15","guid":{"rendered":"https:\/\/qneurope.fr\/pie-de-imprenta\/"},"modified":"2026-03-12T14:40:40","modified_gmt":"2026-03-12T13:40:40","slug":"pie-de-imprenta","status":"publish","type":"page","link":"https:\/\/qneurope.fr\/es\/pie-de-imprenta\/","title":{"rendered":"Pie de imprenta"},"content":{"rendered":"\t\t<div data-elementor-type=\"wp-page\" data-elementor-id=\"4635\" class=\"elementor elementor-4635 elementor-2649\" data-elementor-post-type=\"page\">\n\t\t\t\t<div class=\"elementor-element elementor-element-c3eec8d e-flex e-con-boxed e-con e-parent\" data-id=\"c3eec8d\" data-element_type=\"container\" data-e-type=\"container\">\n\t\t\t\t\t<div class=\"e-con-inner\">\n\t\t\t\t<div class=\"elementor-element elementor-element-a281270 elementor-widget elementor-widget-heading\" data-id=\"a281270\" data-element_type=\"widget\" data-e-type=\"widget\" data-widget_type=\"heading.default\">\n\t\t\t\t<div class=\"elementor-widget-container\">\n\t\t\t\t\t<h2 class=\"elementor-heading-title elementor-size-default\">Pie de imprenta<\/h2>\t\t\t\t<\/div>\n\t\t\t\t<\/div>\n\t\t\t\t<div class=\"elementor-element elementor-element-fedcd23 elementor-widget elementor-widget-text-editor\" data-id=\"fedcd23\" data-element_type=\"widget\" data-e-type=\"widget\" data-widget_type=\"text-editor.default\">\n\t\t\t\t<div class=\"elementor-widget-container\">\n\t\t\t\t\t\t\t\t\t<h4>Qneurope Deutschland GmbH<\/h4><p>Neuhofstra\u00dfe 9<br \/>D-64625 Bensheim<br \/>Alemania<\/p><p>Correo electr\u00f3nico: <a href=\"mailto:eu.suppport@qneurope.com\" target=\"_blank\" rel=\"noopener noreferrer\">eu.suppport@qneurope.com<\/a><br \/>Tel\u00e9fono: +49 (0)6251 98 91 640<\/p><p>Directores Generales: Jean Fran\u00e7ois Huertas, Evelyne Klepic<br \/>Registro Mercantil de Darmstadt HRB 94131<\/p>\t\t\t\t\t\t\t\t<\/div>\n\t\t\t\t<\/div>\n\t\t\t\t<div class=\"elementor-element elementor-element-dddc57f elementor-widget elementor-widget-text-editor\" data-id=\"dddc57f\" data-element_type=\"widget\" data-e-type=\"widget\" data-widget_type=\"text-editor.default\">\n\t\t\t\t<div class=\"elementor-widget-container\">\n\t\t\t\t\t\t\t\t\t<h4>QNEUROPE FRANCE SAS<\/h4><p>68 Rue Principale<br \/>57800 Apuestas<br \/>Francia<\/p><p>Correo electr\u00f3nico : <a href=\"mailto:eu.support@qneurope.com\">eu.support@qneurope.com<\/a><br \/>Tel\u00e9fono: +49 (0) 6251 98 91 640<\/p><p>Directores Generales: Jean Fran\u00e7ois Huertas, Evelyne Klepic<br \/>C\u00f3digo SIREN: 894 267 350<br \/>Importe del capital social: 5.000,00 EUR<\/p>\t\t\t\t\t\t\t\t<\/div>\n\t\t\t\t<\/div>\n\t\t\t\t<div class=\"elementor-element elementor-element-ecdcebb elementor-widget elementor-widget-text-editor\" data-id=\"ecdcebb\" data-element_type=\"widget\" data-e-type=\"widget\" data-widget_type=\"text-editor.default\">\n\t\t\t\t<div class=\"elementor-widget-container\">\n\t\t\t\t\t\t\t\t\t<h4>Qneurope Italia S.R.L.<\/h4><p>Via A. Sabatini 31\/F 51010 <br \/>Massa e Cozzile (PT) Italia<\/p><p>Correo electr\u00f3nico: <a href=\"mailto:eu.support@qneurope.com\">eu.support@qneurope.com <\/a> <br \/>Tel\u00e9fono: +49 (0) 6251 98 91 640<\/p><p>Directores Generales: Jean Fran\u00e7ois Huertas, Evelyne Klepic<\/p>\t\t\t\t\t\t\t\t<\/div>\n\t\t\t\t<\/div>\n\t\t\t\t\t<\/div>\n\t\t\t\t<\/div>\n\t\t\t\t<\/div>\n\t\t","protected":false},"excerpt":{"rendered":"<p>Pie de imprenta Qneurope Deutschland GmbH Neuhofstra\u00dfe 9D-64625 BensheimAlemania Correo electr\u00f3nico: eu.suppport@qneurope.comTel\u00e9fono: +49 (0)6251 98 91 640 Directores Generales: Jean Fran\u00e7ois Huertas, Evelyne KlepicRegistro Mercantil de Darmstadt HRB 94131 QNEUROPE FRANCE SAS 68 Rue Principale57800 ApuestasFrancia Correo electr\u00f3nico : eu.support@qneurope.comTel\u00e9fono: +49 (0) 6251 98 91 640 Directores Generales: Jean Fran\u00e7ois Huertas, Evelyne KlepicC\u00f3digo SIREN: 894 [&hellip;]<\/p>\n","protected":false},"author":1,"featured_media":3454,"parent":0,"menu_order":0,"comment_status":"closed","ping_status":"closed","template":"elementor_header_footer","meta":{"footnotes":""},"class_list":["post-4635","page","type-page","status-publish","has-post-thumbnail","hentry"],"yoast_head":"<!-- This site is optimized with the Yoast SEO plugin v27.3 - https:\/\/yoast.com\/product\/yoast-seo-wordpress\/ -->\n<title>Pie de imprenta - QN Europe<\/title>\n<meta name=\"robots\" content=\"index, follow, max-snippet:-1, max-image-preview:large, max-video-preview:-1\" \/>\n<link rel=\"canonical\" href=\"https:\/\/qneurope.fr\/en\/imprint\/\" \/>\n<meta property=\"og:locale\" content=\"es_ES\" \/>\n<meta property=\"og:type\" content=\"article\" \/>\n<meta property=\"og:title\" content=\"Pie de imprenta - QN Europe\" \/>\n<meta property=\"og:description\" content=\"Pie de imprenta Qneurope Deutschland GmbH Neuhofstra\u00dfe 9D-64625 BensheimAlemania Correo electr\u00f3nico: eu.suppport@qneurope.comTel\u00e9fono: +49 (0)6251 98 91 640 Directores Generales: Jean Fran\u00e7ois Huertas, Evelyne KlepicRegistro Mercantil de Darmstadt HRB 94131 QNEUROPE FRANCE SAS 68 Rue Principale57800 ApuestasFrancia Correo electr\u00f3nico : eu.support@qneurope.comTel\u00e9fono: +49 (0) 6251 98 91 640 Directores Generales: Jean Fran\u00e7ois Huertas, Evelyne KlepicC\u00f3digo SIREN: 894 [&hellip;]\" \/>\n<meta property=\"og:url\" content=\"https:\/\/qneurope.fr\/en\/imprint\/\" \/>\n<meta property=\"og:site_name\" content=\"QN Europe\" \/>\n<meta property=\"article:modified_time\" content=\"2026-03-12T13:40:40+00:00\" \/>\n<meta property=\"og:image\" content=\"https:\/\/qneurope.fr\/wp-content\/uploads\/2025\/01\/cropped-fav_qn.png\" \/>\n\t<meta property=\"og:image:width\" content=\"512\" \/>\n\t<meta property=\"og:image:height\" content=\"512\" \/>\n\t<meta property=\"og:image:type\" content=\"image\/png\" \/>\n<meta name=\"twitter:card\" content=\"summary_large_image\" \/>\n<meta name=\"twitter:label1\" content=\"Tiempo de lectura\" \/>\n\t<meta name=\"twitter:data1\" content=\"1 minuto\" \/>\n<script type=\"application\/ld+json\" class=\"yoast-schema-graph\">{\"@context\":\"https:\\\/\\\/schema.org\",\"@graph\":[{\"@type\":\"WebPage\",\"@id\":\"https:\\\/\\\/qneurope.fr\\\/en\\\/imprint\\\/\",\"url\":\"https:\\\/\\\/qneurope.fr\\\/en\\\/imprint\\\/\",\"name\":\"Pie de imprenta - QN Europe\",\"isPartOf\":{\"@id\":\"https:\\\/\\\/qneurope.fr\\\/#website\"},\"primaryImageOfPage\":{\"@id\":\"https:\\\/\\\/qneurope.fr\\\/en\\\/imprint\\\/#primaryimage\"},\"image\":{\"@id\":\"https:\\\/\\\/qneurope.fr\\\/en\\\/imprint\\\/#primaryimage\"},\"thumbnailUrl\":\"https:\\\/\\\/qneurope.fr\\\/wp-content\\\/uploads\\\/2025\\\/01\\\/cropped-fav_qn.png\",\"datePublished\":\"2025-01-08T22:44:15+00:00\",\"dateModified\":\"2026-03-12T13:40:40+00:00\",\"breadcrumb\":{\"@id\":\"https:\\\/\\\/qneurope.fr\\\/en\\\/imprint\\\/#breadcrumb\"},\"inLanguage\":\"es\",\"potentialAction\":[{\"@type\":\"ReadAction\",\"target\":[\"https:\\\/\\\/qneurope.fr\\\/en\\\/imprint\\\/\"]}]},{\"@type\":\"ImageObject\",\"inLanguage\":\"es\",\"@id\":\"https:\\\/\\\/qneurope.fr\\\/en\\\/imprint\\\/#primaryimage\",\"url\":\"https:\\\/\\\/qneurope.fr\\\/wp-content\\\/uploads\\\/2025\\\/01\\\/cropped-fav_qn.png\",\"contentUrl\":\"https:\\\/\\\/qneurope.fr\\\/wp-content\\\/uploads\\\/2025\\\/01\\\/cropped-fav_qn.png\",\"width\":512,\"height\":512,\"caption\":\"QN Icon\"},{\"@type\":\"BreadcrumbList\",\"@id\":\"https:\\\/\\\/qneurope.fr\\\/en\\\/imprint\\\/#breadcrumb\",\"itemListElement\":[{\"@type\":\"ListItem\",\"position\":1,\"name\":\"Startseite\",\"item\":\"https:\\\/\\\/qneurope.fr\\\/\"},{\"@type\":\"ListItem\",\"position\":2,\"name\":\"Pie de imprenta\"}]},{\"@type\":\"WebSite\",\"@id\":\"https:\\\/\\\/qneurope.fr\\\/#website\",\"url\":\"https:\\\/\\\/qneurope.fr\\\/\",\"name\":\"QN Europe\",\"description\":\"Ton partenaire pour un avenir passionnant\",\"publisher\":{\"@id\":\"https:\\\/\\\/qneurope.fr\\\/#organization\"},\"potentialAction\":[{\"@type\":\"SearchAction\",\"target\":{\"@type\":\"EntryPoint\",\"urlTemplate\":\"https:\\\/\\\/qneurope.fr\\\/?s={search_term_string}\"},\"query-input\":{\"@type\":\"PropertyValueSpecification\",\"valueRequired\":true,\"valueName\":\"search_term_string\"}}],\"inLanguage\":\"es\"},{\"@type\":\"Organization\",\"@id\":\"https:\\\/\\\/qneurope.fr\\\/#organization\",\"name\":\"QN Europe\",\"url\":\"https:\\\/\\\/qneurope.fr\\\/\",\"logo\":{\"@type\":\"ImageObject\",\"inLanguage\":\"es\",\"@id\":\"https:\\\/\\\/qneurope.fr\\\/#\\\/schema\\\/logo\\\/image\\\/\",\"url\":\"https:\\\/\\\/qneurope.fr\\\/wp-content\\\/uploads\\\/2025\\\/04\\\/cropped-cropped-qn-europe-logo-1.webp\",\"contentUrl\":\"https:\\\/\\\/qneurope.fr\\\/wp-content\\\/uploads\\\/2025\\\/04\\\/cropped-cropped-qn-europe-logo-1.webp\",\"width\":500,\"height\":53,\"caption\":\"QN Europe\"},\"image\":{\"@id\":\"https:\\\/\\\/qneurope.fr\\\/#\\\/schema\\\/logo\\\/image\\\/\"}}]}<\/script>\n<!-- \/ Yoast SEO plugin. -->","yoast_head_json":{"title":"Pie de imprenta - QN Europe","robots":{"index":"index","follow":"follow","max-snippet":"max-snippet:-1","max-image-preview":"max-image-preview:large","max-video-preview":"max-video-preview:-1"},"canonical":"https:\/\/qneurope.fr\/en\/imprint\/","og_locale":"es_ES","og_type":"article","og_title":"Pie de imprenta - QN Europe","og_description":"Pie de imprenta Qneurope Deutschland GmbH Neuhofstra\u00dfe 9D-64625 BensheimAlemania Correo electr\u00f3nico: eu.suppport@qneurope.comTel\u00e9fono: +49 (0)6251 98 91 640 Directores Generales: Jean Fran\u00e7ois Huertas, Evelyne KlepicRegistro Mercantil de Darmstadt HRB 94131 QNEUROPE FRANCE SAS 68 Rue Principale57800 ApuestasFrancia Correo electr\u00f3nico : eu.support@qneurope.comTel\u00e9fono: +49 (0) 6251 98 91 640 Directores Generales: Jean Fran\u00e7ois Huertas, Evelyne KlepicC\u00f3digo SIREN: 894 [&hellip;]","og_url":"https:\/\/qneurope.fr\/en\/imprint\/","og_site_name":"QN Europe","article_modified_time":"2026-03-12T13:40:40+00:00","og_image":[{"width":512,"height":512,"url":"https:\/\/qneurope.fr\/wp-content\/uploads\/2025\/01\/cropped-fav_qn.png","type":"image\/png"}],"twitter_card":"summary_large_image","twitter_misc":{"Tiempo de lectura":"1 minuto"},"schema":{"@context":"https:\/\/schema.org","@graph":[{"@type":"WebPage","@id":"https:\/\/qneurope.fr\/en\/imprint\/","url":"https:\/\/qneurope.fr\/en\/imprint\/","name":"Pie de imprenta - QN Europe","isPartOf":{"@id":"https:\/\/qneurope.fr\/#website"},"primaryImageOfPage":{"@id":"https:\/\/qneurope.fr\/en\/imprint\/#primaryimage"},"image":{"@id":"https:\/\/qneurope.fr\/en\/imprint\/#primaryimage"},"thumbnailUrl":"https:\/\/qneurope.fr\/wp-content\/uploads\/2025\/01\/cropped-fav_qn.png","datePublished":"2025-01-08T22:44:15+00:00","dateModified":"2026-03-12T13:40:40+00:00","breadcrumb":{"@id":"https:\/\/qneurope.fr\/en\/imprint\/#breadcrumb"},"inLanguage":"es","potentialAction":[{"@type":"ReadAction","target":["https:\/\/qneurope.fr\/en\/imprint\/"]}]},{"@type":"ImageObject","inLanguage":"es","@id":"https:\/\/qneurope.fr\/en\/imprint\/#primaryimage","url":"https:\/\/qneurope.fr\/wp-content\/uploads\/2025\/01\/cropped-fav_qn.png","contentUrl":"https:\/\/qneurope.fr\/wp-content\/uploads\/2025\/01\/cropped-fav_qn.png","width":512,"height":512,"caption":"QN Icon"},{"@type":"BreadcrumbList","@id":"https:\/\/qneurope.fr\/en\/imprint\/#breadcrumb","itemListElement":[{"@type":"ListItem","position":1,"name":"Startseite","item":"https:\/\/qneurope.fr\/"},{"@type":"ListItem","position":2,"name":"Pie de imprenta"}]},{"@type":"WebSite","@id":"https:\/\/qneurope.fr\/#website","url":"https:\/\/qneurope.fr\/","name":"QN Europe","description":"Ton partenaire pour un avenir passionnant","publisher":{"@id":"https:\/\/qneurope.fr\/#organization"},"potentialAction":[{"@type":"SearchAction","target":{"@type":"EntryPoint","urlTemplate":"https:\/\/qneurope.fr\/?s={search_term_string}"},"query-input":{"@type":"PropertyValueSpecification","valueRequired":true,"valueName":"search_term_string"}}],"inLanguage":"es"},{"@type":"Organization","@id":"https:\/\/qneurope.fr\/#organization","name":"QN Europe","url":"https:\/\/qneurope.fr\/","logo":{"@type":"ImageObject","inLanguage":"es","@id":"https:\/\/qneurope.fr\/#\/schema\/logo\/image\/","url":"https:\/\/qneurope.fr\/wp-content\/uploads\/2025\/04\/cropped-cropped-qn-europe-logo-1.webp","contentUrl":"https:\/\/qneurope.fr\/wp-content\/uploads\/2025\/04\/cropped-cropped-qn-europe-logo-1.webp","width":500,"height":53,"caption":"QN Europe"},"image":{"@id":"https:\/\/qneurope.fr\/#\/schema\/logo\/image\/"}}]}},"_links":{"self":[{"href":"https:\/\/qneurope.fr\/es\/wp-json\/wp\/v2\/pages\/4635","targetHints":{"allow":["GET"]}}],"collection":[{"href":"https:\/\/qneurope.fr\/es\/wp-json\/wp\/v2\/pages"}],"about":[{"href":"https:\/\/qneurope.fr\/es\/wp-json\/wp\/v2\/types\/page"}],"author":[{"embeddable":true,"href":"https:\/\/qneurope.fr\/es\/wp-json\/wp\/v2\/users\/1"}],"replies":[{"embeddable":true,"href":"https:\/\/qneurope.fr\/es\/wp-json\/wp\/v2\/comments?post=4635"}],"version-history":[{"count":16,"href":"https:\/\/qneurope.fr\/es\/wp-json\/wp\/v2\/pages\/4635\/revisions"}],"predecessor-version":[{"id":8891,"href":"https:\/\/qneurope.fr\/es\/wp-json\/wp\/v2\/pages\/4635\/revisions\/8891"}],"wp:featuredmedia":[{"embeddable":true,"href":"https:\/\/qneurope.fr\/es\/wp-json\/wp\/v2\/media\/3454"}],"wp:attachment":[{"href":"https:\/\/qneurope.fr\/es\/wp-json\/wp\/v2\/media?parent=4635"}],"curies":[{"name":"wp","href":"https:\/\/api.w.org\/{rel}","templated":true}]}}